{"id":226,"date":"2025-06-06T12:48:36","date_gmt":"2025-06-06T15:48:36","guid":{"rendered":"https:\/\/uniddo.veterinaria.uchile.cl\/web\/?page_id=226"},"modified":"2025-12-19T12:57:35","modified_gmt":"2025-12-19T15:57:35","slug":"quienes-somos","status":"publish","type":"page","link":"https:\/\/uniddo.veterinaria.uchile.cl\/web\/index.php\/quienes-somos\/","title":{"rendered":"Qui\u00e9nes Somos"},"content":{"rendered":"\t\t<div data-elementor-type=\"wp-page\" data-elementor-id=\"226\" class=\"elementor elementor-226\">\n\t\t\t\t<div class=\"elementor-element elementor-element-1f3bef7 e-flex e-con-boxed e-con e-parent\" data-id=\"1f3bef7\" data-element_type=\"container\" data-e-type=\"container\">\n\t\t\t\t\t<div class=\"e-con-inner\">\n\t\t\t\t<div class=\"elementor-element elementor-element-cdbdd71 elementor-widget elementor-widget-image\" data-id=\"cdbdd71\" data-element_type=\"widget\" data-e-type=\"widget\" data-widget_type=\"image.default\">\n\t\t\t\t<div class=\"elementor-widget-container\">\n\t\t\t\t\t\t\t\t\t\t\t\t\t\t\t<img fetchpriority=\"high\" decoding=\"async\" width=\"1080\" height=\"299\" src=\"https:\/\/uniddo.veterinaria.uchile.cl\/web\/wp-content\/uploads\/2025\/06\/frontis.jpg\" class=\"attachment-full size-full wp-image-269\" alt=\"\" srcset=\"https:\/\/uniddo.veterinaria.uchile.cl\/web\/wp-content\/uploads\/2025\/06\/frontis.jpg 1080w, https:\/\/uniddo.veterinaria.uchile.cl\/web\/wp-content\/uploads\/2025\/06\/frontis-300x83.jpg 300w, https:\/\/uniddo.veterinaria.uchile.cl\/web\/wp-content\/uploads\/2025\/06\/frontis-1024x283.jpg 1024w, https:\/\/uniddo.veterinaria.uchile.cl\/web\/wp-content\/uploads\/2025\/06\/frontis-768x213.jpg 768w\" sizes=\"(max-width: 1080px) 100vw, 1080px\" \/>\t\t\t\t\t\t\t\t\t\t\t\t\t\t\t<\/div>\n\t\t\t\t<\/div>\n\t\t\t\t\t<\/div>\n\t\t\t\t<\/div>\n\t\t<div class=\"elementor-element elementor-element-193a3bb e-flex e-con-boxed e-con e-parent\" data-id=\"193a3bb\" data-element_type=\"container\" data-e-type=\"container\">\n\t\t\t\t\t<div class=\"e-con-inner\">\n\t\t\t\t<div class=\"elementor-element elementor-element-8c0076a elementor-widget elementor-widget-text-editor\" data-id=\"8c0076a\" data-element_type=\"widget\" data-e-type=\"widget\" data-widget_type=\"text-editor.default\">\n\t\t\t\t<div class=\"elementor-widget-container\">\n\t\t\t\t\t\t\t\t\t<p data-start=\"104\" data-end=\"360\">La Unidad de Desarrollo Docente (UNIDDo) tiene como misi\u00f3n asesorar al cuerpo acad\u00e9mico en su pr\u00e1ctica pedag\u00f3gica, con el fin de fortalecer los aprendizajes disciplinares, procedimentales y actitudinales de la comunidad estudiantil de pregrado y postgrado.<\/p><p data-start=\"362\" data-end=\"633\">Esta unidad fomenta espacios de reflexi\u00f3n en torno a la formaci\u00f3n y evaluaci\u00f3n continua del curr\u00edculo, promoviendo adem\u00e1s la actualizaci\u00f3n docente a trav\u00e9s de propuestas metodol\u00f3gicas innovadoras que incentivan la investigaci\u00f3n y el mejoramiento continuo de la ense\u00f1anza.<\/p>\t\t\t\t\t\t\t\t<\/div>\n\t\t\t\t<\/div>\n\t\t\t\t\t<\/div>\n\t\t\t\t<\/div>\n\t\t\t\t<\/div>\n\t\t","protected":false},"excerpt":{"rendered":"<p>La Unidad de Desarrollo Docente (UNIDDo) tiene como misi\u00f3n asesorar al cuerpo acad\u00e9mico en su pr\u00e1ctica pedag\u00f3gica, con el fin de fortalecer los aprendizajes disciplinares, procedimentales y actitudinales de la [&hellip;]<\/p>\n","protected":false},"author":1,"featured_media":0,"parent":0,"menu_order":0,"comment_status":"closed","ping_status":"closed","template":"","meta":{"_monsterinsights_skip_tracking":false,"_monsterinsights_sitenote_active":false,"_monsterinsights_sitenote_note":"","_monsterinsights_sitenote_category":0,"breadcrumbs_single_post":"","page_title_panel":"","breadcrumbs_single_page":"","single_page_alignment":"","single_page_margin":"","page_structure_type":"","content_style_source":"","content_style":"","blog_post_streched_ed":"","blog_page_streched_ed":"","has_transparent_header":"","disable_transparent_header":"","vertical_spacing_source":"","content_area_spacing":"","single_post_content_background":"","single_page_content_background":"","single_post_boxed_content_spacing":"","single_page_boxed_content_spacing":"","single_post_content_boxed_radius":"","single_page_content_boxed_radius":"","disable_featured_image":"","disable_post_tags":"","disable_author_box":"","disable_posts_navigation":"","disable_comments":"","disable_related_posts":"","disable_header":"","disable_footer":"","footnotes":""},"class_list":["post-226","page","type-page","status-publish","hentry","rishi-post","no-post-thumbnail"],"_links":{"self":[{"href":"https:\/\/uniddo.veterinaria.uchile.cl\/web\/index.php\/wp-json\/wp\/v2\/pages\/226","targetHints":{"allow":["GET"]}}],"collection":[{"href":"https:\/\/uniddo.veterinaria.uchile.cl\/web\/index.php\/wp-json\/wp\/v2\/pages"}],"about":[{"href":"https:\/\/uniddo.veterinaria.uchile.cl\/web\/index.php\/wp-json\/wp\/v2\/types\/page"}],"author":[{"embeddable":true,"href":"https:\/\/uniddo.veterinaria.uchile.cl\/web\/index.php\/wp-json\/wp\/v2\/users\/1"}],"replies":[{"embeddable":true,"href":"https:\/\/uniddo.veterinaria.uchile.cl\/web\/index.php\/wp-json\/wp\/v2\/comments?post=226"}],"version-history":[{"count":19,"href":"https:\/\/uniddo.veterinaria.uchile.cl\/web\/index.php\/wp-json\/wp\/v2\/pages\/226\/revisions"}],"predecessor-version":[{"id":1083,"href":"https:\/\/uniddo.veterinaria.uchile.cl\/web\/index.php\/wp-json\/wp\/v2\/pages\/226\/revisions\/1083"}],"wp:attachment":[{"href":"https:\/\/uniddo.veterinaria.uchile.cl\/web\/index.php\/wp-json\/wp\/v2\/media?parent=226"}],"curies":[{"name":"wp","href":"https:\/\/api.w.org\/{rel}","templated":true}]}}