{"id":295,"date":"2025-06-06T14:18:06","date_gmt":"2025-06-06T17:18:06","guid":{"rendered":"https:\/\/uniddo.veterinaria.uchile.cl\/web\/?page_id=295"},"modified":"2026-04-07T10:56:40","modified_gmt":"2026-04-07T13:56:40","slug":"elementor-pagina-295","status":"publish","type":"page","link":"https:\/\/uniddo.veterinaria.uchile.cl\/web\/index.php\/elementor-pagina-295\/","title":{"rendered":"Nuestro Equipo"},"content":{"rendered":"\t\t<div data-elementor-type=\"wp-page\" data-elementor-id=\"295\" class=\"elementor elementor-295\">\n\t\t\t\t<div class=\"elementor-element elementor-element-4c54257 e-flex e-con-boxed e-con e-parent\" data-id=\"4c54257\" data-element_type=\"container\" data-e-type=\"container\">\n\t\t\t\t\t<div class=\"e-con-inner\">\n\t\t\t\t<div class=\"elementor-element elementor-element-d67d977 elementor-widget elementor-widget-html\" data-id=\"d67d977\" data-element_type=\"widget\" data-e-type=\"widget\" data-widget_type=\"html.default\">\n\t\t\t\t<div class=\"elementor-widget-container\">\n\t\t\t\t\t<section class=\"vet-events\">\r\n  <style>\r\n    .vet-events{\r\n      font-family: Arial, Helvetica, sans-serif;\r\n      line-height: 1.5;\r\n      background: #ffffff;\r\n    }\r\n\r\n    .vet-events .wrap{\r\n      max-width: 1100px;\r\n      margin: 0 auto;\r\n      padding: 24px;\r\n    }\r\n\r\n    .vet-events .grid{\r\n      display: grid;\r\n      grid-template-columns: 1fr;\r\n      gap: 24px;\r\n    }\r\n\r\n    .vet-events .card{\r\n      border: 1px solid #e6e6e6;\r\n      border-left: 6px solid #c9ced8; \/* borde izquierdo m\u00e1s gris *\/\r\n      border-radius: 16px;\r\n      padding: 24px;\r\n      background: #f5f5f5;\r\n      display: flex;\r\n      gap: 40px;\r\n      align-items: center;\r\n    }\r\n\r\n    \/* Columna izquierda *\/\r\n    .vet-events .left{\r\n      width: 240px;\r\n      flex-shrink: 0;\r\n      text-align: center;\r\n    }\r\n\r\n    .vet-events .img{\r\n      width: 100%;\r\n      height: 240px;\r\n      object-fit: cover;\r\n      border-radius: 14px;\r\n      border: 1px solid #e6e6e6;\r\n      margin-bottom: 6px;\r\n    }\r\n\r\n    .vet-events .name{\r\n      margin: 0;\r\n      font-size: 16px;\r\n      font-weight: 700;\r\n      color: #0d2e7d;\r\n    }\r\n\r\n    .vet-events .meta{\r\n      margin-top: 2px;\r\n      font-size: 13.5px;\r\n      line-height: 1.35;\r\n      color: #0d2e7d;\r\n    }\r\n\r\n    .vet-events .meta-strong{\r\n      font-weight: 700;\r\n      font-style: italic;\r\n      color: #0d2e7d;\r\n    }\r\n\r\n    .vet-events .meta-light{\r\n      font-weight: 300;\r\n      font-style: italic;\r\n      color: #0d2e7d;\r\n    }\r\n\r\n    \/* Columna derecha *\/\r\n    .vet-events .right{\r\n      flex-grow: 1;\r\n      display: flex;\r\n      justify-content: flex-start;\r\n    }\r\n\r\n    .vet-events .content{\r\n      max-width: 560px;\r\n    }\r\n\r\n    .vet-events .desc{\r\n      font-size: 15px;\r\n      color: #333;\r\n      margin: 0 0 10px 0;\r\n      text-align: left;\r\n    }\r\n\r\n    \/* Correo *\/\r\n    .vet-events .email{\r\n      font-size: 14px;\r\n      color: #0d2e7d;\r\n      text-decoration: none;\r\n      font-weight: 700;\r\n    }\r\n\r\n    .vet-events .email:hover{\r\n      text-decoration: underline;\r\n    }\r\n\r\n    \/* Responsive *\/\r\n    @media (max-width: 768px){\r\n      .vet-events .card{\r\n        flex-direction: column;\r\n        align-items: flex-start;\r\n      }\r\n\r\n      .vet-events .left{\r\n        width: 100%;\r\n        text-align: center;\r\n      }\r\n\r\n      .vet-events .img{\r\n        height: 260px;\r\n      }\r\n\r\n      .vet-events .right{\r\n        justify-content: flex-start;\r\n      }\r\n\r\n      .vet-events .content{\r\n        max-width: 100%;\r\n      }\r\n    }\r\n  <\/style>\r\n\r\n  <div class=\"wrap\">\r\n    <div class=\"grid\">\r\n\r\n      <!-- Evelyn Gajardo -->\r\n      <article class=\"card\">\r\n        <div class=\"left\">\r\n          <img decoding=\"async\" class=\"img\"\r\n            src=\"https:\/\/uniddo.veterinaria.uchile.cl\/web\/wp-content\/uploads\/2026\/01\/Evelyn.png\"\r\n            alt=\"Evelyn Gajardo\">\r\n\r\n          <div class=\"name\">Evelyn Gajardo<\/div>\r\n\r\n          <div class=\"meta\">\r\n            <span class=\"meta-strong\">Encargada de UNIDDo<\/span><br>\r\n            <span class=\"meta-light\">Psic\u00f3loga Educacional<\/span><br>\r\n            <span class=\"meta-light\">Mg. Desarrollo Cognitivo<\/span>\r\n          <\/div>\r\n        <\/div>\r\n\r\n        <div class=\"right\">\r\n          <div class=\"content\">\r\n            <p class=\"desc\">\r\n              Dise\u00f1a y coordina capacitaciones o asesor\u00edas personalizadas que fortalezcan\r\n              la pr\u00e1ctica docente, apoyando la planificaci\u00f3n de asignaturas en un trabajo\r\n              colaborativo con el cuerpo acad\u00e9mico. Apoya la planificaci\u00f3n acad\u00e9mica de\r\n              la Direcci\u00f3n de Escuela de Pregrado y Postgrado, adem\u00e1s de colaborar en\r\n              la detecci\u00f3n de necesidades formativas, lo que permite evaluar, asesorar y\r\n              proponer ajustes asociados a diversos aspectos curriculares. Paralelamente,\r\n              se encarga de apoyar el dise\u00f1o e implementaci\u00f3n de proyectos educativos\r\n              de diversas unidades internas y de la postulaci\u00f3n permanente a fondos\r\n              para fortalecer la docencia.\r\n            <\/p>\r\n\r\n            <a class=\"email\" href=\"mailto:evelyn.gajardo@uchile.cl\">\r\n              evelyn.gajardo@uchile.cl\r\n            <\/a>\r\n          <\/div>\r\n        <\/div>\r\n      <\/article>\r\n\r\n      <!-- Mari Carmen Villarroel -->\r\n      <article class=\"card\">\r\n        <div class=\"left\">\r\n          <img decoding=\"async\" class=\"img\"\r\n            src=\"https:\/\/uniddo.veterinaria.uchile.cl\/web\/wp-content\/uploads\/2026\/01\/Maricarmen.png\"\r\n            alt=\"Mari Carmen Villarroel\">\r\n\r\n          <div class=\"name\">Mari Carmen Villarroel<\/div>\r\n\r\n          <div class=\"meta\">\r\n            <span class=\"meta-strong\">Asesora Educativa<\/span><br>\r\n            <span class=\"meta-light\">Profesora de Castellano y Comunicaci\u00f3n<\/span><br>\r\n            <span class=\"meta-light\">Mg. Psicolog\u00eda<\/span><br>\r\n            <span class=\"meta-light\">Mg. en Did\u00e1ctica del Lenguaje<\/span>\r\n          <\/div>\r\n        <\/div>\r\n\r\n        <div class=\"right\">\r\n          <div class=\"content\">\r\n            <p class=\"desc\">\r\n              Asesora a equipos docentes en planificaci\u00f3n e innovaci\u00f3n educativa,\r\n              apoyando el dise\u00f1o pedag\u00f3gico de clases y evaluaciones, en un trabajo\r\n              colaborativo con el cuerpo acad\u00e9mico. Dentro de sus funciones tambi\u00e9n\r\n              se encuentra colaborar en la implementaci\u00f3n de ajustes curriculares\r\n              en el plan de estudios. Ha generado propuestas de apoyo acad\u00e9mico y\r\n              estudiantil asociadas al fortalecimiento de las habilidades comunicativas y\r\n              a la incorporaci\u00f3n de la perspectiva de g\u00e9nero en la pr\u00e1ctica docente. Junto\r\n              con ello, participa en el dise\u00f1o y ejecuci\u00f3n de proyectos concursables\r\n              asociados a la docencia y realiza clases en diversas asignaturas, en el marco\r\n              de las innovaciones curriculares que asesora la UNIDDo.\r\n            <\/p>\r\n\r\n            <a class=\"email\" href=\"mailto:mari.villarroel@uchile.cl\">\r\n              mari.villarroel@uchile.cl\r\n            <\/a>\r\n          <\/div>\r\n        <\/div>\r\n      <\/article>\r\n\r\n      <!-- Mart\u00edn P\u00e9rez Soto -->\r\n      <article class=\"card\">\r\n        <div class=\"left\">\r\n          <img decoding=\"async\" class=\"img\"\r\n            src=\"https:\/\/uniddo.veterinaria.uchile.cl\/web\/wp-content\/uploads\/2026\/01\/Martin.png\"\r\n            alt=\"Mart\u00edn P\u00e9rez Soto\">\r\n\r\n          <div class=\"name\">Mart\u00edn P\u00e9rez Soto<\/div>\r\n\r\n          <div class=\"meta\">\r\n            <span class=\"meta-strong\">Analista de datos en Docencia Universitaria<\/span><br>\r\n            <span class=\"meta-light\">Soci\u00f3logo<\/span>\r\n          <\/div>\r\n        <\/div>\r\n\r\n        <div class=\"right\">\r\n          <div class=\"content\">\r\n            <p class=\"desc\">\r\n              Dise\u00f1a instrumentos de levantamiento, sistematizaci\u00f3n y an\u00e1lisis de\r\n              informaci\u00f3n asociada a la docencia en Favet, generando informes que\r\n              aporten en el proceso de toma de decisiones de los apoyos pedag\u00f3gicos\r\n              requeridos por el cuerpo docente, monitoreando su efectividad, resultados\r\n              e impactos en el aprendizaje. Tambi\u00e9n elabora informes de docencia de\r\n              los acad\u00e9micos de la facultad para el proceso de calificaci\u00f3n, contribuye\r\n              a la estandarizaci\u00f3n de datos requeridos por las Escuelas de Pregrado y\r\n              Posgrado y participa activamente en las iniciativas dise\u00f1adas por la UNIDDo,\r\n              contribuyendo al desarrollo acad\u00e9mico integral.\r\n            <\/p>\r\n\r\n            <a class=\"email\" href=\"mailto:martin.perez.s@uchile.cl\">\r\n              martin.perez.s@uchile.cl\r\n            <\/a>\r\n          <\/div>\r\n        <\/div>\r\n      <\/article>\r\n\r\n      <!-- Carla Leiva -->\r\n      <article class=\"card\">\r\n        <div class=\"left\">\r\n          <img decoding=\"async\" class=\"img\"\r\n            src=\"https:\/\/uniddo.veterinaria.uchile.cl\/web\/wp-content\/uploads\/2026\/01\/Carla.png\"\r\n            alt=\"Carla Leiva\">\r\n\r\n          <div class=\"name\">Carla Leiva<\/div>\r\n\r\n          <div class=\"meta\">\r\n            <span class=\"meta-strong\">Dise\u00f1adora Educativa<\/span><br>\r\n            <span class=\"meta-light\">Dise\u00f1adora gr\u00e1fica<\/span><br>\r\n            <span class=\"meta-light\">Mg.  en Conservaci\u00f3n y Restauraci\u00f3n de Objetos y Entorno Patrimonial<\/span>\r\n          <\/div>\r\n        <\/div>\r\n\r\n        <div class=\"right\">\r\n          <div class=\"content\">\r\n            <p class=\"desc\">\r\n              Dise\u00f1a recursos educativos y piezas gr\u00e1ficas pertinentes a las asignaturas\r\n              de la carrera de Medicina Veterinaria. Junto con ello, apoya en el dise\u00f1o\r\n              instruccional de cursos en l\u00ednea en la plataforma EOL y asesora al cuerpo\r\n              acad\u00e9mico en la creaci\u00f3n, edici\u00f3n y postproducci\u00f3n de videos educativos,\r\n              relacionados con la carrera. Paralelamente, asesora el dise\u00f1o de materiales\r\n              de unidades que realizan pr\u00e1cticas docentes como la USIC y Mundo Granja.\r\n              Finalmente, su rol tambi\u00e9n es apoyar el dise\u00f1o de proyectos para postular a\r\n              fondos y financiamiento necesario para la docencia en Favet.\r\n            <\/p>\r\n\r\n            <a class=\"email\" href=\"mailto:carlaleiva@uchile.cl\">\r\n              carlaleiva@uchile.cl\r\n            <\/a>\r\n          <\/div>\r\n        <\/div>\r\n      <\/article>\r\n\r\n    <\/div>\r\n  <\/div>\r\n<\/section>\r\n\t\t\t\t<\/div>\n\t\t\t\t<\/div>\n\t\t\t\t\t<\/div>\n\t\t\t\t<\/div>\n\t\t\t\t<\/div>\n\t\t","protected":false},"excerpt":{"rendered":"<p>Evelyn Gajardo Encargada de UNIDDo Psic\u00f3loga Educacional Mg. Desarrollo Cognitivo Dise\u00f1a y coordina capacitaciones o asesor\u00edas personalizadas que fortalezcan la pr\u00e1ctica docente, apoyando la planificaci\u00f3n de asignaturas en un trabajo [&hellip;]<\/p>\n","protected":false},"author":1,"featured_media":0,"parent":0,"menu_order":0,"comment_status":"closed","ping_status":"closed","template":"","meta":{"_monsterinsights_skip_tracking":false,"_monsterinsights_sitenote_active":false,"_monsterinsights_sitenote_note":"","_monsterinsights_sitenote_category":0,"breadcrumbs_single_post":"","page_title_panel":"","breadcrumbs_single_page":"","single_page_alignment":"","single_page_margin":"","page_structure_type":"","content_style_source":"","content_style":"","blog_post_streched_ed":"","blog_page_streched_ed":"","has_transparent_header":"","disable_transparent_header":"","vertical_spacing_source":"","content_area_spacing":"","single_post_content_background":"","single_page_content_background":"","single_post_boxed_content_spacing":"","single_page_boxed_content_spacing":"","single_post_content_boxed_radius":"","single_page_content_boxed_radius":"","disable_featured_image":"","disable_post_tags":"","disable_author_box":"","disable_posts_navigation":"","disable_comments":"","disable_related_posts":"","disable_header":"","disable_footer":"","footnotes":""},"class_list":["post-295","page","type-page","status-publish","hentry","rishi-post","no-post-thumbnail"],"_links":{"self":[{"href":"https:\/\/uniddo.veterinaria.uchile.cl\/web\/index.php\/wp-json\/wp\/v2\/pages\/295","targetHints":{"allow":["GET"]}}],"collection":[{"href":"https:\/\/uniddo.veterinaria.uchile.cl\/web\/index.php\/wp-json\/wp\/v2\/pages"}],"about":[{"href":"https:\/\/uniddo.veterinaria.uchile.cl\/web\/index.php\/wp-json\/wp\/v2\/types\/page"}],"author":[{"embeddable":true,"href":"https:\/\/uniddo.veterinaria.uchile.cl\/web\/index.php\/wp-json\/wp\/v2\/users\/1"}],"replies":[{"embeddable":true,"href":"https:\/\/uniddo.veterinaria.uchile.cl\/web\/index.php\/wp-json\/wp\/v2\/comments?post=295"}],"version-history":[{"count":47,"href":"https:\/\/uniddo.veterinaria.uchile.cl\/web\/index.php\/wp-json\/wp\/v2\/pages\/295\/revisions"}],"predecessor-version":[{"id":1319,"href":"https:\/\/uniddo.veterinaria.uchile.cl\/web\/index.php\/wp-json\/wp\/v2\/pages\/295\/revisions\/1319"}],"wp:attachment":[{"href":"https:\/\/uniddo.veterinaria.uchile.cl\/web\/index.php\/wp-json\/wp\/v2\/media?parent=295"}],"curies":[{"name":"wp","href":"https:\/\/api.w.org\/{rel}","templated":true}]}}