{"id":43,"date":"2025-06-23T10:48:12","date_gmt":"2025-06-23T13:48:12","guid":{"rendered":"https:\/\/uniddo.veterinaria.uchile.cl\/web\/?page_id=43"},"modified":"2026-04-10T11:45:24","modified_gmt":"2026-04-10T14:45:24","slug":"pedir-asesoria","status":"publish","type":"page","link":"https:\/\/uniddo.veterinaria.uchile.cl\/web\/index.php\/pedir-asesoria\/","title":{"rendered":"Asesor\u00eda"},"content":{"rendered":"\t\t<div data-elementor-type=\"wp-page\" data-elementor-id=\"43\" class=\"elementor elementor-43\">\n\t\t\t\t<div class=\"elementor-element elementor-element-0a8203b e-con-full e-flex e-con e-parent\" data-id=\"0a8203b\" data-element_type=\"container\" data-e-type=\"container\">\n\t\t\t\t<div class=\"elementor-element elementor-element-2b29cbd elementor-widget__width-initial elementor-widget elementor-widget-image\" data-id=\"2b29cbd\" data-element_type=\"widget\" data-e-type=\"widget\" data-widget_type=\"image.default\">\n\t\t\t\t<div class=\"elementor-widget-container\">\n\t\t\t\t\t\t\t\t\t\t\t\t\t\t\t<img decoding=\"async\" src=\"https:\/\/uniddo.veterinaria.uchile.cl\/web\/wp-content\/uploads\/2025\/06\/Mesa-de-trabajo-1-copia-3.png\" title=\"Mesa de trabajo 1 copia 3\" alt=\"Mesa de trabajo 1 copia 3\" loading=\"lazy\" \/>\t\t\t\t\t\t\t\t\t\t\t\t\t\t\t<\/div>\n\t\t\t\t<\/div>\n\t\t\t\t<div class=\"elementor-element elementor-element-ff10761 elementor-widget elementor-widget-text-editor\" data-id=\"ff10761\" data-element_type=\"widget\" data-e-type=\"widget\" data-widget_type=\"text-editor.default\">\n\t\t\t\t<div class=\"elementor-widget-container\">\n\t\t\t\t\t\t\t\t\t<ul>\n<li style=\"font-weight: 400;\" aria-level=\"1\"><span style=\"font-weight: 400;\">Planificaci\u00f3n de asignaturas.<\/span><\/li>\n<li style=\"font-weight: 400;\" aria-level=\"1\"><span style=\"font-weight: 400;\">Propuestas de nuevos cursos electivos.<\/span><\/li>\n<li style=\"font-weight: 400;\" aria-level=\"1\"><span style=\"font-weight: 400;\">Programa de habilidades comunicativas para guiar memorias de t\u00edtulo.<\/span><\/li>\n<li style=\"font-weight: 400;\" aria-level=\"1\"><span style=\"font-weight: 400;\">Programa de acompa\u00f1amiento para neurodivergencia en aula.<\/span><\/li>\n<li style=\"font-weight: 400;\" aria-level=\"1\"><span style=\"font-weight: 400;\">Acompa\u00f1amiento en el dise\u00f1o e implementaci\u00f3n de proyectos concursables para apoyar la docencia.<\/span><\/li>\n<\/ul>\t\t\t\t\t\t\t\t<\/div>\n\t\t\t\t<\/div>\n\t\t\t\t<\/div>\n\t\t<div class=\"elementor-element elementor-element-a5ecd22 e-flex e-con-boxed e-con e-parent\" data-id=\"a5ecd22\" data-element_type=\"container\" data-e-type=\"container\">\n\t\t\t\t\t<div class=\"e-con-inner\">\n\t\t\t\t<div class=\"elementor-element elementor-element-4fe77e1 elementor-widget elementor-widget-heading\" data-id=\"4fe77e1\" data-element_type=\"widget\" data-e-type=\"widget\" data-widget_type=\"heading.default\">\n\t\t\t\t<div class=\"elementor-widget-container\">\n\t\t\t\t\t<h2 class=\"elementor-heading-title elementor-size-default\">Programas<\/h2>\t\t\t\t<\/div>\n\t\t\t\t<\/div>\n\t\t\t\t\t<\/div>\n\t\t\t\t<\/div>\n\t\t<div class=\"elementor-element elementor-element-ddb5a1d e-flex e-con-boxed e-con e-parent\" data-id=\"ddb5a1d\" data-element_type=\"container\" data-e-type=\"container\">\n\t\t\t\t\t<div class=\"e-con-inner\">\n\t\t<div class=\"elementor-element elementor-element-833f889 e-con-full e-flex e-con e-child\" data-id=\"833f889\" data-element_type=\"container\" data-e-type=\"container\">\n\t\t\t\t<div class=\"elementor-element elementor-element-aa4ac8e elementor-widget elementor-widget-image\" data-id=\"aa4ac8e\" data-element_type=\"widget\" data-e-type=\"widget\" data-widget_type=\"image.default\">\n\t\t\t\t<div class=\"elementor-widget-container\">\n\t\t\t\t\t\t\t\t\t\t\t\t\t\t\t\t<a href=\"https:\/\/uniddo.veterinaria.uchile.cl\/web\/wp-content\/uploads\/2026\/04\/Programa-asesoramiento-docente.pdf\" target=\"_blank\">\n\t\t\t\t\t\t\t<img fetchpriority=\"high\" decoding=\"async\" width=\"750\" height=\"968\" src=\"https:\/\/uniddo.veterinaria.uchile.cl\/web\/wp-content\/uploads\/2026\/04\/programa-asesoria-793x1024.png\" class=\"attachment-large size-large wp-image-1331\" alt=\"\" srcset=\"https:\/\/uniddo.veterinaria.uchile.cl\/web\/wp-content\/uploads\/2026\/04\/programa-asesoria-793x1024.png 793w, https:\/\/uniddo.veterinaria.uchile.cl\/web\/wp-content\/uploads\/2026\/04\/programa-asesoria-232x300.png 232w, https:\/\/uniddo.veterinaria.uchile.cl\/web\/wp-content\/uploads\/2026\/04\/programa-asesoria-768x991.png 768w, https:\/\/uniddo.veterinaria.uchile.cl\/web\/wp-content\/uploads\/2026\/04\/programa-asesoria.png 863w\" sizes=\"(max-width: 750px) 100vw, 750px\" \/>\t\t\t\t\t\t\t\t<\/a>\n\t\t\t\t\t\t\t\t\t\t\t\t\t\t\t<\/div>\n\t\t\t\t<\/div>\n\t\t\t\t<\/div>\n\t\t<div class=\"elementor-element elementor-element-6088509 e-con-full e-flex e-con e-child\" data-id=\"6088509\" data-element_type=\"container\" data-e-type=\"container\">\n\t\t\t\t<div class=\"elementor-element elementor-element-ed0736c elementor-widget elementor-widget-image\" data-id=\"ed0736c\" data-element_type=\"widget\" data-e-type=\"widget\" data-widget_type=\"image.default\">\n\t\t\t\t<div class=\"elementor-widget-container\">\n\t\t\t\t\t\t\t\t\t\t\t\t\t\t\t\t<a href=\"https:\/\/uniddo.veterinaria.uchile.cl\/web\/wp-content\/uploads\/2025\/07\/Asesoria-docente-para-un-aula-inclusiva-FINAL_compressed.pdf\" target=\"_blank\">\n\t\t\t\t\t\t\t<img decoding=\"async\" width=\"750\" height=\"968\" src=\"https:\/\/uniddo.veterinaria.uchile.cl\/web\/wp-content\/uploads\/2026\/01\/aula-inclusiva-1-793x1024.png\" class=\"attachment-large size-large wp-image-1281\" alt=\"\" srcset=\"https:\/\/uniddo.veterinaria.uchile.cl\/web\/wp-content\/uploads\/2026\/01\/aula-inclusiva-1-793x1024.png 793w, https:\/\/uniddo.veterinaria.uchile.cl\/web\/wp-content\/uploads\/2026\/01\/aula-inclusiva-1-232x300.png 232w, https:\/\/uniddo.veterinaria.uchile.cl\/web\/wp-content\/uploads\/2026\/01\/aula-inclusiva-1-768x991.png 768w, https:\/\/uniddo.veterinaria.uchile.cl\/web\/wp-content\/uploads\/2026\/01\/aula-inclusiva-1.png 863w\" sizes=\"(max-width: 750px) 100vw, 750px\" \/>\t\t\t\t\t\t\t\t<\/a>\n\t\t\t\t\t\t\t\t\t\t\t\t\t\t\t<\/div>\n\t\t\t\t<\/div>\n\t\t\t\t<\/div>\n\t\t<div class=\"elementor-element elementor-element-d5cf261 e-con-full e-flex e-con e-child\" data-id=\"d5cf261\" data-element_type=\"container\" data-e-type=\"container\">\n\t\t\t\t<\/div>\n\t\t<div class=\"elementor-element elementor-element-2a0fb4a e-con-full e-flex e-con e-child\" data-id=\"2a0fb4a\" data-element_type=\"container\" data-e-type=\"container\">\n\t\t\t\t<\/div>\n\t\t\t\t\t<\/div>\n\t\t\t\t<\/div>\n\t\t<div class=\"elementor-element elementor-element-6a2816f e-flex e-con-boxed e-con e-parent\" data-id=\"6a2816f\" data-element_type=\"container\" data-e-type=\"container\">\n\t\t\t\t\t<div class=\"e-con-inner\">\n\t\t\t\t<div class=\"elementor-element elementor-element-cfe9533 elementor-widget elementor-widget-heading\" data-id=\"cfe9533\" data-element_type=\"widget\" data-e-type=\"widget\" data-widget_type=\"heading.default\">\n\t\t\t\t<div class=\"elementor-widget-container\">\n\t\t\t\t\t<h2 class=\"elementor-heading-title elementor-size-default\">Solicitud de Asesor\u00eda<\/h2>\t\t\t\t<\/div>\n\t\t\t\t<\/div>\n\t\t\t\t\t<\/div>\n\t\t\t\t<\/div>\n\t\t<div class=\"elementor-element elementor-element-3bc8e803 e-flex e-con-boxed e-con e-parent\" data-id=\"3bc8e803\" data-element_type=\"container\" data-e-type=\"container\">\n\t\t\t\t\t<div class=\"e-con-inner\">\n\t\t\t\t<div class=\"elementor-element elementor-element-79da0273 elementor-widget elementor-widget-text-editor\" data-id=\"79da0273\" data-element_type=\"widget\" data-e-type=\"widget\" data-widget_type=\"text-editor.default\">\n\t\t\t\t<div class=\"elementor-widget-container\">\n\t\t\t\t\t\t\t\t\t\n<div class=\"wp-block-contact-form-7-contact-form-selector\">\n<div class=\"wpcf7 no-js\" id=\"wpcf7-f695-o1\" lang=\"es-CL\" dir=\"ltr\" data-wpcf7-id=\"695\">\n<div class=\"screen-reader-response\"><p role=\"status\" aria-live=\"polite\" aria-atomic=\"true\"><\/p> <ul><\/ul><\/div>\n<form action=\"\/web\/index.php\/wp-json\/wp\/v2\/pages\/43#wpcf7-f695-o1\" method=\"post\" class=\"wpcf7-form init\" aria-label=\"Formulario de contacto\" novalidate=\"novalidate\" data-status=\"init\">\n<fieldset class=\"hidden-fields-container\"><input type=\"hidden\" name=\"_wpcf7\" value=\"695\" \/><input type=\"hidden\" name=\"_wpcf7_version\" value=\"6.1.5\" \/><input type=\"hidden\" name=\"_wpcf7_locale\" value=\"es_CL\" \/><input type=\"hidden\" name=\"_wpcf7_unit_tag\" value=\"wpcf7-f695-o1\" \/><input type=\"hidden\" name=\"_wpcf7_container_post\" value=\"0\" \/><input type=\"hidden\" name=\"_wpcf7_posted_data_hash\" value=\"\" \/>\n<\/fieldset>\n<p><label> Ingrese su nombre<br \/>\n<span class=\"wpcf7-form-control-wrap\" data-name=\"your-name\"><input size=\"40\" maxlength=\"400\" class=\"wpcf7-form-control wpcf7-text wpcf7-validates-as-required\" autocomplete=\"name\" aria-required=\"true\" aria-invalid=\"false\" value=\"\" type=\"text\" name=\"your-name\" \/><\/span> <\/label>\n<\/p>\n<p><label> Ingrese su correo electr\u00f3nico<br \/>\n<span class=\"wpcf7-form-control-wrap\" data-name=\"your-email\"><input size=\"40\" maxlength=\"400\" class=\"wpcf7-form-control wpcf7-email wpcf7-validates-as-required wpcf7-text wpcf7-validates-as-email\" autocomplete=\"email\" aria-required=\"true\" aria-invalid=\"false\" value=\"\" type=\"email\" name=\"your-email\" \/><\/span> <\/label>\n<\/p>\n<p><label> Indique en pocas palabras en qu\u00e9 necesita asesor\u00eda<br \/>\n<span class=\"wpcf7-form-control-wrap\" data-name=\"your-subject\"><input size=\"40\" maxlength=\"400\" class=\"wpcf7-form-control wpcf7-text wpcf7-validates-as-required\" aria-required=\"true\" aria-invalid=\"false\" value=\"\" type=\"text\" name=\"your-subject\" \/><\/span> <\/label>\n<\/p>\n<p><label> Escriba cualquier otra informaci\u00f3n relevante a considerar en su solicitud<br \/>\n<span class=\"wpcf7-form-control-wrap\" data-name=\"your-message\"><textarea cols=\"40\" rows=\"10\" maxlength=\"2000\" class=\"wpcf7-form-control wpcf7-textarea\" aria-invalid=\"false\" name=\"your-message\"><\/textarea><\/span> <\/label>\n<\/p>\n<p><input class=\"wpcf7-form-control wpcf7-submit has-spinner\" type=\"submit\" value=\"Enviar\" \/>\n<\/p><p style=\"display: none !important;\" class=\"akismet-fields-container\" data-prefix=\"_wpcf7_ak_\"><label>&#916;<textarea name=\"_wpcf7_ak_hp_textarea\" cols=\"45\" rows=\"8\" maxlength=\"100\"><\/textarea><\/label><input type=\"hidden\" id=\"ak_js_1\" name=\"_wpcf7_ak_js\" value=\"198\"\/><script>document.getElementById( \"ak_js_1\" ).setAttribute( \"value\", ( new Date() ).getTime() );<\/script><\/p><div class=\"wpcf7-response-output\" aria-hidden=\"true\"><\/div>\n<\/form>\n<\/div>\n<\/div>\n\n<div class=\"wp-block-contact-form-7-contact-form-selector\">\u00a0<\/div>\n\t\t\t\t\t\t\t\t<\/div>\n\t\t\t\t<\/div>\n\t\t\t\t\t<\/div>\n\t\t\t\t<\/div>\n\t\t\t\t<\/div>\n\t\t","protected":false},"excerpt":{"rendered":"<p>Planificaci\u00f3n de asignaturas. Propuestas de nuevos cursos electivos. Programa de habilidades comunicativas para guiar memorias de t\u00edtulo. Programa de acompa\u00f1amiento para neurodivergencia en aula. Acompa\u00f1amiento en el dise\u00f1o e implementaci\u00f3n [&hellip;]<\/p>\n","protected":false},"author":1,"featured_media":0,"parent":0,"menu_order":0,"comment_status":"closed","ping_status":"closed","template":"","meta":{"_monsterinsights_skip_tracking":false,"_monsterinsights_sitenote_active":false,"_monsterinsights_sitenote_note":"","_monsterinsights_sitenote_category":0,"breadcrumbs_single_post":"","page_title_panel":"","breadcrumbs_single_page":"","single_page_alignment":"","single_page_margin":"","page_structure_type":"","content_style_source":"","content_style":"","blog_post_streched_ed":"","blog_page_streched_ed":"","has_transparent_header":"","disable_transparent_header":"","vertical_spacing_source":"","content_area_spacing":"","single_post_content_background":"","single_page_content_background":"","single_post_boxed_content_spacing":"","single_page_boxed_content_spacing":"","single_post_content_boxed_radius":"","single_page_content_boxed_radius":"","disable_featured_image":"","disable_post_tags":"","disable_author_box":"","disable_posts_navigation":"","disable_comments":"","disable_related_posts":"","disable_header":"","disable_footer":"","footnotes":""},"class_list":["post-43","page","type-page","status-publish","hentry","rishi-post","no-post-thumbnail"],"_links":{"self":[{"href":"https:\/\/uniddo.veterinaria.uchile.cl\/web\/index.php\/wp-json\/wp\/v2\/pages\/43","targetHints":{"allow":["GET"]}}],"collection":[{"href":"https:\/\/uniddo.veterinaria.uchile.cl\/web\/index.php\/wp-json\/wp\/v2\/pages"}],"about":[{"href":"https:\/\/uniddo.veterinaria.uchile.cl\/web\/index.php\/wp-json\/wp\/v2\/types\/page"}],"author":[{"embeddable":true,"href":"https:\/\/uniddo.veterinaria.uchile.cl\/web\/index.php\/wp-json\/wp\/v2\/users\/1"}],"replies":[{"embeddable":true,"href":"https:\/\/uniddo.veterinaria.uchile.cl\/web\/index.php\/wp-json\/wp\/v2\/comments?post=43"}],"version-history":[{"count":78,"href":"https:\/\/uniddo.veterinaria.uchile.cl\/web\/index.php\/wp-json\/wp\/v2\/pages\/43\/revisions"}],"predecessor-version":[{"id":1334,"href":"https:\/\/uniddo.veterinaria.uchile.cl\/web\/index.php\/wp-json\/wp\/v2\/pages\/43\/revisions\/1334"}],"wp:attachment":[{"href":"https:\/\/uniddo.veterinaria.uchile.cl\/web\/index.php\/wp-json\/wp\/v2\/media?parent=43"}],"curies":[{"name":"wp","href":"https:\/\/api.w.org\/{rel}","templated":true}]}}