{"id":459,"date":"2025-06-12T16:59:51","date_gmt":"2025-06-12T19:59:51","guid":{"rendered":"https:\/\/uniddo.veterinaria.uchile.cl\/web\/?page_id=459"},"modified":"2025-06-19T12:42:48","modified_gmt":"2025-06-19T15:42:48","slug":"tour-virtuales","status":"publish","type":"page","link":"https:\/\/uniddo.veterinaria.uchile.cl\/web\/index.php\/tour-virtuales\/","title":{"rendered":"Tour virtuales"},"content":{"rendered":"\t\t<div data-elementor-type=\"wp-page\" data-elementor-id=\"459\" class=\"elementor elementor-459\">\n\t\t\t\t<div class=\"elementor-element elementor-element-51d5601 e-flex e-con-boxed e-con e-parent\" data-id=\"51d5601\" data-element_type=\"container\" data-e-type=\"container\">\n\t\t\t\t\t<div class=\"e-con-inner\">\n\t\t<div class=\"elementor-element elementor-element-beca8b6 e-con-full e-flex e-con e-child\" data-id=\"beca8b6\" data-element_type=\"container\" data-e-type=\"container\">\n\t\t\t\t<div class=\"elementor-element elementor-element-465e25c elementor-widget elementor-widget-text-editor\" data-id=\"465e25c\" data-element_type=\"widget\" data-e-type=\"widget\" data-widget_type=\"text-editor.default\">\n\t\t\t\t<div class=\"elementor-widget-container\">\n\t\t\t\t\t\t\t\t\t<h3>Bienvenidos y bienvenidas al Hospital Veterinario de Animales Peque\u00f1os de Favet<\/h3><p>Al ingresar al Hospital iniciar\u00e1s un tour virtual que le permitir\u00e1 recorrer sus instalaciones y acceder a las diversas salas que lo componen. Para realizar el tour adecuadamente y aprovechar al m\u00e1ximo la experiencia, le recomendamos seguir las instrucciones se\u00f1aladas. En t\u00e9rminos generales, lo que debe hacer es ingresar a todas las salas habilitadas, indagar en estos espacios, participar de las interacciones disponibles y responder las evaluaciones.<\/p>\t\t\t\t\t\t\t\t<\/div>\n\t\t\t\t<\/div>\n\t\t\t\t<div class=\"elementor-element elementor-element-ca4a8e8 elementor-align-center elementor-widget elementor-widget-button\" data-id=\"ca4a8e8\" data-element_type=\"widget\" data-e-type=\"widget\" data-widget_type=\"button.default\">\n\t\t\t\t<div class=\"elementor-widget-container\">\n\t\t\t\t\t\t\t\t\t<div class=\"elementor-button-wrapper\">\n\t\t\t\t\t<a class=\"elementor-button elementor-button-link elementor-size-sm\" href=\"https:\/\/uniddo.veterinaria.uchile.cl\/hospital_favet\/index2.html\" target=\"_blank\">\n\t\t\t\t\t\t<span class=\"elementor-button-content-wrapper\">\n\t\t\t\t\t\t\t\t\t<span class=\"elementor-button-text\">Ingrese al hospital<\/span>\n\t\t\t\t\t<\/span>\n\t\t\t\t\t<\/a>\n\t\t\t\t<\/div>\n\t\t\t\t\t\t\t\t<\/div>\n\t\t\t\t<\/div>\n\t\t\t\t<\/div>\n\t\t<div class=\"elementor-element elementor-element-9be7c4e e-con-full e-flex e-con e-child\" data-id=\"9be7c4e\" data-element_type=\"container\" data-e-type=\"container\">\n\t\t\t\t<div class=\"elementor-element elementor-element-16b58e3 elementor-widget elementor-widget-image\" data-id=\"16b58e3\" data-element_type=\"widget\" data-e-type=\"widget\" data-widget_type=\"image.default\">\n\t\t\t\t<div class=\"elementor-widget-container\">\n\t\t\t\t\t\t\t\t\t\t\t\t\t\t\t<img fetchpriority=\"high\" decoding=\"async\" width=\"739\" height=\"565\" src=\"https:\/\/uniddo.veterinaria.uchile.cl\/web\/wp-content\/uploads\/2025\/06\/ft.jpg\" class=\"attachment-1536x1536 size-1536x1536 wp-image-601\" alt=\"\" srcset=\"https:\/\/uniddo.veterinaria.uchile.cl\/web\/wp-content\/uploads\/2025\/06\/ft.jpg 739w, https:\/\/uniddo.veterinaria.uchile.cl\/web\/wp-content\/uploads\/2025\/06\/ft-300x229.jpg 300w\" sizes=\"(max-width: 739px) 100vw, 739px\" \/>\t\t\t\t\t\t\t\t\t\t\t\t\t\t\t<\/div>\n\t\t\t\t<\/div>\n\t\t\t\t<\/div>\n\t\t\t\t\t<\/div>\n\t\t\t\t<\/div>\n\t\t<div class=\"elementor-element elementor-element-5238d50 e-flex e-con-boxed e-con e-parent\" data-id=\"5238d50\" data-element_type=\"container\" data-e-type=\"container\">\n\t\t\t\t\t<div class=\"e-con-inner\">\n\t\t\t\t<div class=\"elementor-element elementor-element-702ef3c elementor-widget-divider--view-line elementor-widget elementor-widget-divider\" data-id=\"702ef3c\" data-element_type=\"widget\" data-e-type=\"widget\" data-widget_type=\"divider.default\">\n\t\t\t\t<div class=\"elementor-widget-container\">\n\t\t\t\t\t\t\t<div class=\"elementor-divider\">\n\t\t\t<span class=\"elementor-divider-separator\">\n\t\t\t\t\t\t<\/span>\n\t\t<\/div>\n\t\t\t\t\t\t<\/div>\n\t\t\t\t<\/div>\n\t\t\t\t\t<\/div>\n\t\t\t\t<\/div>\n\t\t<div class=\"elementor-element elementor-element-68e0fc7 e-flex e-con-boxed e-con e-parent\" data-id=\"68e0fc7\" data-element_type=\"container\" data-e-type=\"container\">\n\t\t\t\t\t<div class=\"e-con-inner\">\n\t\t<div class=\"elementor-element elementor-element-21a82ba e-con-full e-flex e-con e-child\" data-id=\"21a82ba\" data-element_type=\"container\" data-e-type=\"container\">\n\t\t\t\t<div class=\"elementor-element elementor-element-fcf5176 elementor-widget elementor-widget-text-editor\" data-id=\"fcf5176\" data-element_type=\"widget\" data-e-type=\"widget\" data-widget_type=\"text-editor.default\">\n\t\t\t\t<div class=\"elementor-widget-container\">\n\t\t\t\t\t\t\t\t\t<h3>Bienvenidos y bienvenidas al Predio Las Ara\u00f1as &#8211; Infraestructura<\/h3><p>A continuaci\u00f3n podr\u00e1 recorrer un sistema extensivo de producci\u00f3n de bovinos de carne. El prop\u00f3sito de este recorrido es conocer las caracter\u00edsticas de la infraestructura que normalmente se encuentra en este tipo de sistemas. El predio se ubica en la zona de secano costero de la Regi\u00f3n Metropolitana, Melipilla, comuna de San Pedro.\u00a0<\/p>\t\t\t\t\t\t\t\t<\/div>\n\t\t\t\t<\/div>\n\t\t\t\t<div class=\"elementor-element elementor-element-6cb14b6 elementor-align-center elementor-widget elementor-widget-button\" data-id=\"6cb14b6\" data-element_type=\"widget\" data-e-type=\"widget\" data-widget_type=\"button.default\">\n\t\t\t\t<div class=\"elementor-widget-container\">\n\t\t\t\t\t\t\t\t\t<div class=\"elementor-button-wrapper\">\n\t\t\t\t\t<a class=\"elementor-button elementor-button-link elementor-size-sm\" href=\"https:\/\/uniddo.veterinaria.uchile.cl\/recurso-infraestructura\/\" target=\"_blank\">\n\t\t\t\t\t\t<span class=\"elementor-button-content-wrapper\">\n\t\t\t\t\t\t\t\t\t<span class=\"elementor-button-text\">Ingresa al predio<\/span>\n\t\t\t\t\t<\/span>\n\t\t\t\t\t<\/a>\n\t\t\t\t<\/div>\n\t\t\t\t\t\t\t\t<\/div>\n\t\t\t\t<\/div>\n\t\t\t\t<\/div>\n\t\t<div class=\"elementor-element elementor-element-98010c1 e-con-full e-flex e-con e-child\" data-id=\"98010c1\" data-element_type=\"container\" data-e-type=\"container\">\n\t\t\t\t<div class=\"elementor-element elementor-element-95e7dec elementor-widget elementor-widget-image\" data-id=\"95e7dec\" data-element_type=\"widget\" data-e-type=\"widget\" data-widget_type=\"image.default\">\n\t\t\t\t<div class=\"elementor-widget-container\">\n\t\t\t\t\t\t\t\t\t\t\t\t\t\t\t<img decoding=\"async\" width=\"1113\" height=\"835\" src=\"https:\/\/uniddo.veterinaria.uchile.cl\/web\/wp-content\/uploads\/2025\/06\/Mesa-de-trabajo-5.png\" class=\"attachment-1536x1536 size-1536x1536 wp-image-609\" alt=\"\" srcset=\"https:\/\/uniddo.veterinaria.uchile.cl\/web\/wp-content\/uploads\/2025\/06\/Mesa-de-trabajo-5.png 1113w, https:\/\/uniddo.veterinaria.uchile.cl\/web\/wp-content\/uploads\/2025\/06\/Mesa-de-trabajo-5-300x225.png 300w, https:\/\/uniddo.veterinaria.uchile.cl\/web\/wp-content\/uploads\/2025\/06\/Mesa-de-trabajo-5-1024x768.png 1024w, https:\/\/uniddo.veterinaria.uchile.cl\/web\/wp-content\/uploads\/2025\/06\/Mesa-de-trabajo-5-768x576.png 768w\" sizes=\"(max-width: 1113px) 100vw, 1113px\" \/>\t\t\t\t\t\t\t\t\t\t\t\t\t\t\t<\/div>\n\t\t\t\t<\/div>\n\t\t\t\t<\/div>\n\t\t\t\t\t<\/div>\n\t\t\t\t<\/div>\n\t\t<div class=\"elementor-element elementor-element-e4604e8 e-flex e-con-boxed e-con e-parent\" data-id=\"e4604e8\" data-element_type=\"container\" data-e-type=\"container\">\n\t\t\t\t\t<div class=\"e-con-inner\">\n\t\t\t\t<div class=\"elementor-element elementor-element-1f73c80 elementor-widget-divider--view-line elementor-widget elementor-widget-divider\" data-id=\"1f73c80\" data-element_type=\"widget\" data-e-type=\"widget\" data-widget_type=\"divider.default\">\n\t\t\t\t<div class=\"elementor-widget-container\">\n\t\t\t\t\t\t\t<div class=\"elementor-divider\">\n\t\t\t<span class=\"elementor-divider-separator\">\n\t\t\t\t\t\t<\/span>\n\t\t<\/div>\n\t\t\t\t\t\t<\/div>\n\t\t\t\t<\/div>\n\t\t\t\t\t<\/div>\n\t\t\t\t<\/div>\n\t\t<div class=\"elementor-element elementor-element-48c7791 e-flex e-con-boxed e-con e-parent\" data-id=\"48c7791\" data-element_type=\"container\" data-e-type=\"container\">\n\t\t\t\t\t<div class=\"e-con-inner\">\n\t\t<div class=\"elementor-element elementor-element-4df2215 e-con-full e-flex e-con e-child\" data-id=\"4df2215\" data-element_type=\"container\" data-e-type=\"container\">\n\t\t\t\t<div class=\"elementor-element elementor-element-18bcde3 elementor-widget elementor-widget-text-editor\" data-id=\"18bcde3\" data-element_type=\"widget\" data-e-type=\"widget\" data-widget_type=\"text-editor.default\">\n\t\t\t\t<div class=\"elementor-widget-container\">\n\t\t\t\t\t\t\t\t\t<h3>Bienvenidos y bienvenidas al Predio Las Ara\u00f1as &#8211; Alimentaci\u00f3n<\/h3><p>A continuaci\u00f3n podr\u00e1 recorrer un sistema extensivo de producci\u00f3n de bovinos de carne, el que posee principalmente pradera natural con espinal y hect\u00e1reas de\u00a0 praderas sembradas. En este caso, las im\u00e1genes corresponden a la \u00e9poca de invierno. El predio se ubica en la zona de secano costero de la Regi\u00f3n Metropolitana, Melipilla, comuna de San Pedro.\u00a0<\/p>\t\t\t\t\t\t\t\t<\/div>\n\t\t\t\t<\/div>\n\t\t\t\t<div class=\"elementor-element elementor-element-44c8382 elementor-align-center elementor-widget elementor-widget-button\" data-id=\"44c8382\" data-element_type=\"widget\" data-e-type=\"widget\" data-widget_type=\"button.default\">\n\t\t\t\t<div class=\"elementor-widget-container\">\n\t\t\t\t\t\t\t\t\t<div class=\"elementor-button-wrapper\">\n\t\t\t\t\t<a class=\"elementor-button elementor-button-link elementor-size-sm\" href=\"https:\/\/uniddo.veterinaria.uchile.cl\/recurso-alimentacion\/\" target=\"_blank\">\n\t\t\t\t\t\t<span class=\"elementor-button-content-wrapper\">\n\t\t\t\t\t\t\t\t\t<span class=\"elementor-button-text\">Ingrese al predio<\/span>\n\t\t\t\t\t<\/span>\n\t\t\t\t\t<\/a>\n\t\t\t\t<\/div>\n\t\t\t\t\t\t\t\t<\/div>\n\t\t\t\t<\/div>\n\t\t\t\t<\/div>\n\t\t<div class=\"elementor-element elementor-element-26182af e-con-full e-flex e-con e-child\" data-id=\"26182af\" data-element_type=\"container\" data-e-type=\"container\">\n\t\t\t\t<div class=\"elementor-element elementor-element-494dc45 elementor-widget elementor-widget-image\" data-id=\"494dc45\" data-element_type=\"widget\" data-e-type=\"widget\" data-widget_type=\"image.default\">\n\t\t\t\t<div class=\"elementor-widget-container\">\n\t\t\t\t\t\t\t\t\t\t\t\t\t\t\t<img decoding=\"async\" width=\"1113\" height=\"835\" src=\"https:\/\/uniddo.veterinaria.uchile.cl\/web\/wp-content\/uploads\/2025\/06\/Mesa-de-trabajo-5-1.png\" class=\"attachment-1536x1536 size-1536x1536 wp-image-616\" alt=\"\" srcset=\"https:\/\/uniddo.veterinaria.uchile.cl\/web\/wp-content\/uploads\/2025\/06\/Mesa-de-trabajo-5-1.png 1113w, https:\/\/uniddo.veterinaria.uchile.cl\/web\/wp-content\/uploads\/2025\/06\/Mesa-de-trabajo-5-1-300x225.png 300w, https:\/\/uniddo.veterinaria.uchile.cl\/web\/wp-content\/uploads\/2025\/06\/Mesa-de-trabajo-5-1-1024x768.png 1024w, https:\/\/uniddo.veterinaria.uchile.cl\/web\/wp-content\/uploads\/2025\/06\/Mesa-de-trabajo-5-1-768x576.png 768w\" sizes=\"(max-width: 1113px) 100vw, 1113px\" \/>\t\t\t\t\t\t\t\t\t\t\t\t\t\t\t<\/div>\n\t\t\t\t<\/div>\n\t\t\t\t<\/div>\n\t\t\t\t\t<\/div>\n\t\t\t\t<\/div>\n\t\t\t\t<\/div>\n\t\t","protected":false},"excerpt":{"rendered":"<p>Bienvenidos y bienvenidas al Hospital Veterinario de Animales Peque\u00f1os de Favet Al ingresar al Hospital iniciar\u00e1s un tour virtual que le permitir\u00e1 recorrer sus instalaciones y acceder a las diversas [&hellip;]<\/p>\n","protected":false},"author":1,"featured_media":0,"parent":0,"menu_order":0,"comment_status":"closed","ping_status":"closed","template":"","meta":{"_monsterinsights_skip_tracking":false,"_monsterinsights_sitenote_active":false,"_monsterinsights_sitenote_note":"","_monsterinsights_sitenote_category":0,"breadcrumbs_single_post":"","page_title_panel":"","breadcrumbs_single_page":"","single_page_alignment":"","single_page_margin":"","page_structure_type":"","content_style_source":"","content_style":"","blog_post_streched_ed":"","blog_page_streched_ed":"","has_transparent_header":"","disable_transparent_header":"","vertical_spacing_source":"","content_area_spacing":"","single_post_content_background":"","single_page_content_background":"","single_post_boxed_content_spacing":"","single_page_boxed_content_spacing":"","single_post_content_boxed_radius":"","single_page_content_boxed_radius":"","disable_featured_image":"","disable_post_tags":"","disable_author_box":"","disable_posts_navigation":"","disable_comments":"","disable_related_posts":"","disable_header":"","disable_footer":"","footnotes":""},"class_list":["post-459","page","type-page","status-publish","hentry","rishi-post","no-post-thumbnail"],"_links":{"self":[{"href":"https:\/\/uniddo.veterinaria.uchile.cl\/web\/index.php\/wp-json\/wp\/v2\/pages\/459","targetHints":{"allow":["GET"]}}],"collection":[{"href":"https:\/\/uniddo.veterinaria.uchile.cl\/web\/index.php\/wp-json\/wp\/v2\/pages"}],"about":[{"href":"https:\/\/uniddo.veterinaria.uchile.cl\/web\/index.php\/wp-json\/wp\/v2\/types\/page"}],"author":[{"embeddable":true,"href":"https:\/\/uniddo.veterinaria.uchile.cl\/web\/index.php\/wp-json\/wp\/v2\/users\/1"}],"replies":[{"embeddable":true,"href":"https:\/\/uniddo.veterinaria.uchile.cl\/web\/index.php\/wp-json\/wp\/v2\/comments?post=459"}],"version-history":[{"count":37,"href":"https:\/\/uniddo.veterinaria.uchile.cl\/web\/index.php\/wp-json\/wp\/v2\/pages\/459\/revisions"}],"predecessor-version":[{"id":647,"href":"https:\/\/uniddo.veterinaria.uchile.cl\/web\/index.php\/wp-json\/wp\/v2\/pages\/459\/revisions\/647"}],"wp:attachment":[{"href":"https:\/\/uniddo.veterinaria.uchile.cl\/web\/index.php\/wp-json\/wp\/v2\/media?parent=459"}],"curies":[{"name":"wp","href":"https:\/\/api.w.org\/{rel}","templated":true}]}}